{"id":59,"date":"2017-05-03T14:48:35","date_gmt":"2017-05-03T12:48:35","guid":{"rendered":"https:\/\/krasnal-halabala.pl\/?page_id=59"},"modified":"2026-02-11T19:43:54","modified_gmt":"2026-02-11T18:43:54","slug":"kadra","status":"publish","type":"page","link":"https:\/\/krasnal-halabala.pl\/index.php\/przedszkole\/kadra\/","title":{"rendered":"Kadra"},"content":{"rendered":"<p><em>\u00a0Robimy wszystko, \u017ceby zapewni\u0107 dzieciom najlepszy start w \u017cycie.<\/em><\/p>\n<p><em>\u00a0W Niepublicznym Przedszkolu &#8222;Krasnal Ha\u0142aba\u0142a&#8221; wychowujemy ludzi, kt\u00f3rzy b\u0119d\u0105 odnosi\u0107 zawodowe i osobiste sukcesy\u00a0<\/em><\/p>\n<p><strong>DYREKTOR &#8211; ALICJA NAWRACA\u0141A<\/strong><\/p>\n<p><strong>NAUCZYCIELE:<\/strong><\/p>\n<p>Honorata Antkowiak &#8211; nauczyciel wychowania przedszkolnego<\/p>\n<p>Agata Borowiak &#8211; nauczyciel wychowania przedszkolnego<\/p>\n<p>Paulina Dobroszczyk &#8211; nauczyciel wychowania przedszkolnego<\/p>\n<p>Aleksandra Gawe\u0142-Ciaciek &#8211; nauczyciel wychowania przedszkolnego<\/p>\n<p>Weronika Moczy\u0144ska &#8211; nauczyciel wychowania przedszkolnego<\/p>\n<p>Beata Ma\u0107kowiak &#8211; nauczyciel wychowania przedszkolnego<\/p>\n<p>Iwona Kubacka &#8211; nauczyciel wychowania przedszkolnego<\/p>\n<p>Joanna Zi\u00f3\u0142kowska &#8211; nauczyciel wychowania przedszkolnego<\/p>\n<p>Izabela Lammel &#8211; nauczyciel wychowania przedszkolnego<\/p>\n<p>Beata Krzyminska &#8211; nauczyciel wychowania przedszkolnego<\/p>\n<p>Aneta Mali\u0144ska &#8211; nauczyciel wychowania przedszkolnego<\/p>\n<p>Ewa Matuszak &#8211; nauczyciel wychowania przedszkolnego<\/p>\n<p>Angelika Musio\u0142owska &#8211; nauczyciel wychowania przedszkolnego<\/p>\n<p>Beata P\u0142o\u0144czak &#8211; nauczyciel wychowania przedszkolnego<\/p>\n<p>Magdalena Rogacka &#8211; nauczyciel wychowania przedszkolnego<\/p>\n<p>Milena W\u0142odarczak &#8211; nauczyciel wychowania przedszkolnego<\/p>\n<p>Ma\u0142gorzata Leporowska &#8211; nauczyciel wychowania przedszkolnego<\/p>\n<p><strong>TERAPIA LOGOPEDYCZNA<\/strong> &#8211; Aleksandra Morowska<\/p>\n<p><strong>PSYCHOLOG &#8211;\u00a0<\/strong>Klaudia Ciemniewska<\/p>\n<p><strong>RYTMIKA:\u00a0 \u00a0 <\/strong>Marta \u0141uczak &#8211; Nowak &#8211; grupy muzyczne<\/p>\n<p>\u0141ukasz \u015alebioda<\/p>\n<p><strong>J\u0118ZYK ANGIELSKI: <\/strong>Hanna Ernst<\/p>\n<p><strong>POMOC NAUCZYCIELA:<\/strong><\/p>\n<p>Ma\u0142gorzata Kursiak<\/p>\n<p>Izabela Przyjemska<\/p>\n<p>Magdalena Nawraca\u0142a<\/p>\n<p><strong>PERSONEL OBS\u0141UGOWY:<\/strong><\/p>\n<p>Justyna Nawraca\u0142a<\/p>\n<p>Agnieszaka Juskowiak<\/p>\n<p>Aneta Kostyra<\/p>\n<p>&nbsp;<\/p>\n<p>&nbsp;<\/p>\n<p>&nbsp;<\/p>\n<p>&nbsp;<\/p>\n<p>&nbsp;<\/p>\n<p>&nbsp;<\/p>\n","protected":false},"excerpt":{"rendered":"<p>\u00a0Robimy wszystko, \u017ceby zapewni\u0107 dzieciom najlepszy start w \u017cycie. \u00a0W Niepublicznym Przedszkolu &#8222;Krasnal Ha\u0142aba\u0142a&#8221; wychowujemy ludzi, kt\u00f3rzy b\u0119d\u0105 odnosi\u0107 zawodowe i osobiste sukcesy\u00a0 DYREKTOR &#8211; ALICJA NAWRACA\u0141A NAUCZYCIELE: Honorata Antkowiak &#8211; nauczyciel wychowania przedszkolnego Agata Borowiak &#8211; nauczyciel wychowania przedszkolnego Paulina Dobroszczyk &#8211; nauczyciel wychowania przedszkolnego Aleksandra Gawe\u0142-Ciaciek &#8211; nauczyciel wychowania przedszkolnego Weronika Moczy\u0144ska &#8211; [&hellip;]<\/p>\n","protected":false},"author":7,"featured_media":0,"parent":51,"menu_order":0,"comment_status":"closed","ping_status":"closed","template":"","meta":{"_et_pb_use_builder":"off","_et_pb_old_content":"","_et_gb_content_width":"","footnotes":""},"class_list":["post-59","page","type-page","status-publish","hentry"],"_links":{"self":[{"href":"https:\/\/krasnal-halabala.pl\/index.php\/wp-json\/wp\/v2\/pages\/59","targetHints":{"allow":["GET"]}}],"collection":[{"href":"https:\/\/krasnal-halabala.pl\/index.php\/wp-json\/wp\/v2\/pages"}],"about":[{"href":"https:\/\/krasnal-halabala.pl\/index.php\/wp-json\/wp\/v2\/types\/page"}],"author":[{"embeddable":true,"href":"https:\/\/krasnal-halabala.pl\/index.php\/wp-json\/wp\/v2\/users\/7"}],"replies":[{"embeddable":true,"href":"https:\/\/krasnal-halabala.pl\/index.php\/wp-json\/wp\/v2\/comments?post=59"}],"version-history":[{"count":48,"href":"https:\/\/krasnal-halabala.pl\/index.php\/wp-json\/wp\/v2\/pages\/59\/revisions"}],"predecessor-version":[{"id":57711,"href":"https:\/\/krasnal-halabala.pl\/index.php\/wp-json\/wp\/v2\/pages\/59\/revisions\/57711"}],"up":[{"embeddable":true,"href":"https:\/\/krasnal-halabala.pl\/index.php\/wp-json\/wp\/v2\/pages\/51"}],"wp:attachment":[{"href":"https:\/\/krasnal-halabala.pl\/index.php\/wp-json\/wp\/v2\/media?parent=59"}],"curies":[{"name":"wp","href":"https:\/\/api.w.org\/{rel}","templated":true}]}}