{"id":5052,"date":"2018-02-12T09:11:54","date_gmt":"2018-02-12T08:11:54","guid":{"rendered":"https:\/\/krasnal-halabala.pl\/?page_id=5052"},"modified":"2026-03-10T18:54:31","modified_gmt":"2026-03-10T17:54:31","slug":"dokumenty","status":"publish","type":"page","link":"https:\/\/krasnal-halabala.pl\/index.php\/dokumenty\/","title":{"rendered":"Dokumenty"},"content":{"rendered":"<p><a href=\"https:\/\/krasnal-halabala.pl\/wp-content\/uploads\/2025\/02\/Standardy-Ochrony-Maloletnich.pdf\">Standardy Ochrony Ma\u0142oletnich<\/a><\/p>\n<p><a href=\"https:\/\/krasnal-halabala.pl\/wp-content\/uploads\/2025\/02\/Standardy-XII-Zarzadzenie-dyrektora-dot.-SOM.pdf\">Standardy XII Zarz\u0105dzenie dyrektora dot. SOM<\/a><\/p>\n<p><a href=\"https:\/\/krasnal-halabala.pl\/wp-content\/uploads\/2025\/02\/Standardy-II.pdf\">Standardy II<\/a><\/p>\n<p><a href=\"https:\/\/krasnal-halabala.pl\/wp-content\/uploads\/2024\/05\/Konkurs-zlobki-wpis-prasowy-na-social-media.docx\">Konkurs \u017c\u0142obki &#8211; wpis prasowy na social media<\/a><\/p>\n<p><img loading=\"lazy\" decoding=\"async\" class=\"alignnone size-medium wp-image-57628\" src=\"https:\/\/krasnal-halabala.pl\/wp-content\/uploads\/2024\/05\/Screenshot_2024-05-17-11-51-36-207_cn.wps_.moffice_eng-edit-233x300.jpg\" alt=\"\" width=\"233\" height=\"300\" \/><\/p>\n<p><a href=\"https:\/\/krasnal-halabala.pl\/wp-content\/uploads\/2023\/11\/STATUT_ZLOBKA.docx\">STATUT_ZLOBKA<\/a><\/p>\n<p><a href=\"https:\/\/krasnal-halabala.pl\/wp-content\/uploads\/2023\/11\/Regulamin-organizacyjny-zlobka.doc\">Regulamin organizacyjny \u017c\u0142obka<\/a><\/p>\n<p><a href=\"https:\/\/krasnal-halabala.pl\/wp-content\/uploads\/2023\/11\/PROCEDURA-PRZYPROWADZANIA-I-ODBIERANIA-DZIECKA-ZE-ZLOBKA.docx\">PROC<\/a><a href=\"https:\/\/krasnal-halabala.pl\/wp-content\/uploads\/2023\/11\/PROCEDURA-PRZYPROWADZANIA-I-ODBIERANIA-DZIECKA-ZE-ZLOBKA.docx\">EDURA PRZYPROWADZANIA I ODBIERANIA DZIECKA ZE \u017b\u0141OBKA<\/a><\/p>\n<p>P<a href=\"https:\/\/krasnal-halabala.pl\/wp-content\/uploads\/2023\/11\/PROCEDURA-POSTEPOWANIA-W-RAZIE-WYPADKU.docx\">ROCEDURA<\/a><a href=\"https:\/\/krasnal-halabala.pl\/wp-content\/uploads\/2023\/11\/PROCEDURA-POSTEPOWANIA-W-RAZIE-WYPADKU.docx\">POST\u0118POWANIA W RAZIE WYPADKU<\/a><\/p>\n<p><a href=\"https:\/\/krasnal-halabala.pl\/wp-content\/uploads\/2023\/11\/PROCEDURA-POSTEPOWANIA-W-PRZYPADKU-PODEJRZENIA-STOSOWANIA-PRZEMOCY-WOBEC-DZIECKA-W-ZLOBKU.docx\">Procedura POST\u0118POWANIA W PRZYPADKU PODEJRZENIA STOSOWANIA PRZEMOCY WOBEC DZIECKA W \u017b\u0141OBKU<\/a><\/p>\n<p><a href=\"https:\/\/krasnal-halabala.pl\/wp-content\/uploads\/2023\/02\/karta-zlobek-2023.docx\">karta \u017c\u0142obek 20<\/a><\/p>\n<p><a href=\"https:\/\/krasnal-halabala.pl\/wp-content\/uploads\/2026\/02\/Karta-zgloszenia-KH-25-26.-1.docx-aktualna-1.pdf\">Karta zg\u0142oszenia KH 26\/27 <\/a>Przedszkole<\/p>\n<p><a href=\"https:\/\/krasnal-halabala.pl\/wp-content\/uploads\/2026\/02\/Zalacznik-Nr-1-2025-2026.pdf\">Za\u0142\u0105cznik Nr 1 2026-2027<\/a> Przedszkole<\/p>\n<p><a href=\"https:\/\/krasnal-halabala.pl\/wp-content\/uploads\/2026\/02\/Zalacznik-Nr-2-KH-2025.pdf\">Za\u0142\u0105cznik Nr 2 KH 20256<\/a> Przedszkole<\/p>\n<p><a href=\"https:\/\/krasnal-halabala.pl\/wp-content\/uploads\/2026\/03\/REGULAMIN-REKRUTACJI-2026.pdf\">REGULAMIN REKRUTACJI 2026<\/a> Przedszkole<\/p>\n<p>Dzieci w naszym przedszkolu \u017cywione s\u0105 przez STO\u0141\u00d3WKI GMINNE W \u015aRODZIE WLKP<\/p>\n<p>Informacj\u0119 na temat \u017cywienia znajdziecie na stronie internetowej www.stolowkigminne.sroda.wlkp.pl<\/p>\n<p><a href=\"https:\/\/krasnal-halabala.pl\/wp-content\/uploads\/2022\/05\/KH_Karta-zgloszenia-na-pobyt-letni-ZLOBEK.docx\">KH_Karta zg\u0142oszenia na pobyt letni \u017b\u0141OBEK<\/a><\/p>\n<p><a href=\"https:\/\/krasnal-halabala.pl\/wp-content\/uploads\/2022\/03\/Oswiadczenie-woli.docx\">O\u015bwiadczenie woli<\/a><\/p>\n<p><a href=\"https:\/\/krasnal-halabala.pl\/wp-content\/uploads\/2022\/03\/Cyberbezpieczenstwo-strona-www.docx\">Cyberbezpiecze\u0144stwo &#8211; strona www<\/a><\/p>\n<p><a href=\"https:\/\/krasnal-halabala.pl\/wp-content\/uploads\/2021\/12\/wyciag-z-RKO-1.xlsx\">wyci\u0105g z RKO (1)<\/a><\/p>\n<p><a href=\"https:\/\/krasnal-halabala.pl\/wp-content\/uploads\/2025\/03\/Statut-przedszkola-2024.pdf\">Statut przedszkola 2024<\/a><\/p>\n","protected":false},"excerpt":{"rendered":"<p>Standardy Ochrony Ma\u0142oletnich Standardy XII Zarz\u0105dzenie dyrektora dot. SOM Standardy II Konkurs \u017c\u0142obki &#8211; wpis prasowy na social media STATUT_ZLOBKA Regulamin organizacyjny \u017c\u0142obka PROCEDURA PRZYPROWADZANIA I ODBIERANIA DZIECKA ZE \u017b\u0141OBKA PROCEDURAPOST\u0118POWANIA W RAZIE WYPADKU Procedura POST\u0118POWANIA W PRZYPADKU PODEJRZENIA STOSOWANIA PRZEMOCY WOBEC DZIECKA W \u017b\u0141OBKU karta \u017c\u0142obek 20 Karta zg\u0142oszenia KH 26\/27 Przedszkole Za\u0142\u0105cznik Nr [&hellip;]<\/p>\n","protected":false},"author":3,"featured_media":0,"parent":0,"menu_order":0,"comment_status":"closed","ping_status":"closed","template":"","meta":{"_et_pb_use_builder":"off","_et_pb_old_content":"","_et_gb_content_width":"","footnotes":""},"class_list":["post-5052","page","type-page","status-publish","hentry"],"_links":{"self":[{"href":"https:\/\/krasnal-halabala.pl\/index.php\/wp-json\/wp\/v2\/pages\/5052","targetHints":{"allow":["GET"]}}],"collection":[{"href":"https:\/\/krasnal-halabala.pl\/index.php\/wp-json\/wp\/v2\/pages"}],"about":[{"href":"https:\/\/krasnal-halabala.pl\/index.php\/wp-json\/wp\/v2\/types\/page"}],"author":[{"embeddable":true,"href":"https:\/\/krasnal-halabala.pl\/index.php\/wp-json\/wp\/v2\/users\/3"}],"replies":[{"embeddable":true,"href":"https:\/\/krasnal-halabala.pl\/index.php\/wp-json\/wp\/v2\/comments?post=5052"}],"version-history":[{"count":117,"href":"https:\/\/krasnal-halabala.pl\/index.php\/wp-json\/wp\/v2\/pages\/5052\/revisions"}],"predecessor-version":[{"id":57715,"href":"https:\/\/krasnal-halabala.pl\/index.php\/wp-json\/wp\/v2\/pages\/5052\/revisions\/57715"}],"wp:attachment":[{"href":"https:\/\/krasnal-halabala.pl\/index.php\/wp-json\/wp\/v2\/media?parent=5052"}],"curies":[{"name":"wp","href":"https:\/\/api.w.org\/{rel}","templated":true}]}}